{"id":103,"date":"2016-04-18T11:34:04","date_gmt":"2016-04-18T09:34:04","guid":{"rendered":"http:\/\/dahanan.eu\/cms\/de\/?page_id=103"},"modified":"2016-05-29T22:01:10","modified_gmt":"2016-05-29T20:01:10","slug":"wir-uber-uns","status":"publish","type":"page","link":"https:\/\/dahanan.eu\/de\/wir-uber-uns\/","title":{"rendered":"Wir \u00fcber uns"},"content":{"rendered":"<p>DAHANAN | mould concepts bietet Best-Cost-L\u00f6sungen, die zum Erfolg unserer Kunden beitragen.<br \/>\nUnsere langj\u00e4hrige Erfahrung \u2013 sowie die unserer Partner \u2013 werden bei der Beratung und Umsetzung von allen Kunststoffanwendungen eingesetzt.<\/p>\n<p>DIENSTLEISTUNG IN BUCHSTABEN | SERVICE A.C.E (Above Customer Expectation)<br \/>\nWir stellen die Kunden in den Mittelpunkt und pflegen einen offenen Dialog mit ihnen. So bieten wir Produkte, die erfolgreich sind, denn bei der Entwicklung eines Produktes muss vieles ber\u00fccksichtigt werden: Die Materialauswahl, Verarbeitungstechnik, Montage, Programmanforderungen, Gesetzgebung, make-or-buy, etc. Das Endergebnis ist immer ein Kompromiss zwischen diesen Bedingungen. Das ist unsere St\u00e4rke.<\/p>\n<p>ACCENT<br \/>\nF\u00fcr eine erfolgreiche Produktion muss fr\u00fch der Grundstein gelegt werden mit einem intelligenten Entwurf vom Produkt und den ben\u00f6tigten Produktionsmitteln. Die tats\u00e4chlichen Kosten werden haupts\u00e4chlich in dieser Vorphase bestimmt. Hier spielt unsere Erfahrung eine gro\u00dfe Rolle.<\/p>\n<p>WISSEN<br \/>\nIn vielen Bereichen der Kunststoffverarbeitung sowie deren Anwendungen sind wir zuhause: Thermoplaste, Duroplaste, Elastomere als Kunststoffe in der Freizeit-, Automobil- und Elektronikindustrie.<br \/>\nWir sind stets umfassend beteiligt an der Umsetzung einer Idee bis hin zur Produktion: Als kompetenter Begleiter vom Entwurf des Produktes, \u00fcber das Werkzeug, bis hin zum Produktionsprozess; wir stellen uns den Anforderungen und liefern Qualit\u00e4t in allen Stufen.<\/p>\n","protected":false},"excerpt":{"rendered":"<p>DAHANAN | mould concepts bietet Best-Cost-L\u00f6sungen, die zum Erfolg unserer Kunden beitragen. Unsere langj\u00e4hrige Erfahrung \u2013 sowie die unserer Partner [&hellip;]<\/p>\n","protected":false},"author":5,"featured_media":0,"parent":0,"menu_order":0,"comment_status":"closed","ping_status":"closed","template":"","meta":{"_acf_changed":false,"footnotes":""},"class_list":["post-103","page","type-page","status-publish","hentry"],"acf":[],"_links":{"self":[{"href":"https:\/\/dahanan.eu\/de\/wp-json\/wp\/v2\/pages\/103","targetHints":{"allow":["GET"]}}],"collection":[{"href":"https:\/\/dahanan.eu\/de\/wp-json\/wp\/v2\/pages"}],"about":[{"href":"https:\/\/dahanan.eu\/de\/wp-json\/wp\/v2\/types\/page"}],"author":[{"embeddable":true,"href":"https:\/\/dahanan.eu\/de\/wp-json\/wp\/v2\/users\/5"}],"replies":[{"embeddable":true,"href":"https:\/\/dahanan.eu\/de\/wp-json\/wp\/v2\/comments?post=103"}],"version-history":[{"count":4,"href":"https:\/\/dahanan.eu\/de\/wp-json\/wp\/v2\/pages\/103\/revisions"}],"predecessor-version":[{"id":297,"href":"https:\/\/dahanan.eu\/de\/wp-json\/wp\/v2\/pages\/103\/revisions\/297"}],"wp:attachment":[{"href":"https:\/\/dahanan.eu\/de\/wp-json\/wp\/v2\/media?parent=103"}],"curies":[{"name":"wp","href":"https:\/\/api.w.org\/{rel}","templated":true}]}}